{"id":6016,"date":"2020-05-02T17:46:16","date_gmt":"2020-05-02T17:46:16","guid":{"rendered":"http:\/\/sanluisfranceses.archimadrid.com\/?page_id=6016"},"modified":"2020-10-05T15:03:37","modified_gmt":"2020-10-05T15:03:37","slug":"recevez-nos-informations-par-whatsapp","status":"publish","type":"page","link":"https:\/\/sanluisfranceses.archimadrid.com\/?page_id=6016","title":{"rendered":"Recevez nos informations par Whatsapp!"},"content":{"rendered":"\n<p>La Paroisse Saint Louis des Fran\u00e7ais de Madrid vous propose de vous inscrire \u00e0 sa liste de diffusion WhatsApp! pour recevoir les rappels de nos activit\u00e9s.<\/p>\n\n\n\n<p>La liste de diffusion n&#8217;est pas un groupe, vous ne recevez des messages que de l&#8217;administrateur et vous pouvez en sortir \u00e0 tout moment.<\/p>\n\n\n\n<p>Pour vous inscrire, il vous faut tout d\u00b4abord enregistrer le num\u00e9ro suivant dans vos contacts: <a href=\"http:\/\/+34 689 05 32 59\">+34 689 05 32 59<\/a>, puis envoyer \u00e0 ce m\u00eame num\u00e9ro\u00a0un message WhatsApp demandant \u00e0 \u00eatre inscrit.<\/p>\n","protected":false},"excerpt":{"rendered":"<p>La Paroisse Saint Louis des Fran\u00e7ais de Madrid vous propose de vous inscrire \u00e0 sa liste de diffusion WhatsApp! pour recevoir les rappels de nos activit\u00e9s. La liste de diffusion n&#8217;est pas un groupe, vous ne recevez des messages que de l&#8217;administrateur et vous pouvez en sortir \u00e0 tout moment. Pour vous inscrire, il vous [&hellip;]<\/p>\n","protected":false},"author":3,"featured_media":0,"parent":0,"menu_order":0,"comment_status":"closed","ping_status":"closed","template":"","meta":{"footnotes":""},"class_list":["post-6016","page","type-page","status-publish","hentry"],"_links":{"self":[{"href":"https:\/\/sanluisfranceses.archimadrid.com\/index.php?rest_route=\/wp\/v2\/pages\/6016","targetHints":{"allow":["GET"]}}],"collection":[{"href":"https:\/\/sanluisfranceses.archimadrid.com\/index.php?rest_route=\/wp\/v2\/pages"}],"about":[{"href":"https:\/\/sanluisfranceses.archimadrid.com\/index.php?rest_route=\/wp\/v2\/types\/page"}],"author":[{"embeddable":true,"href":"https:\/\/sanluisfranceses.archimadrid.com\/index.php?rest_route=\/wp\/v2\/users\/3"}],"replies":[{"embeddable":true,"href":"https:\/\/sanluisfranceses.archimadrid.com\/index.php?rest_route=%2Fwp%2Fv2%2Fcomments&post=6016"}],"version-history":[{"count":4,"href":"https:\/\/sanluisfranceses.archimadrid.com\/index.php?rest_route=\/wp\/v2\/pages\/6016\/revisions"}],"predecessor-version":[{"id":6268,"href":"https:\/\/sanluisfranceses.archimadrid.com\/index.php?rest_route=\/wp\/v2\/pages\/6016\/revisions\/6268"}],"wp:attachment":[{"href":"https:\/\/sanluisfranceses.archimadrid.com\/index.php?rest_route=%2Fwp%2Fv2%2Fmedia&parent=6016"}],"curies":[{"name":"wp","href":"https:\/\/api.w.org\/{rel}","templated":true}]}}