{"id":4914,"date":"2019-09-09T08:28:24","date_gmt":"2019-09-09T08:28:24","guid":{"rendered":"http:\/\/sanluisfranceses.archimadrid.com\/?page_id=4914"},"modified":"2025-09-24T11:04:00","modified_gmt":"2025-09-24T11:04:00","slug":"aumonerie-6eme-terminale","status":"publish","type":"page","link":"https:\/\/sanluisfranceses.archimadrid.com\/?page_id=4914","title":{"rendered":"Aum\u00f4nerie 6\u00e8me &#8211; Terminale"},"content":{"rendered":"\n<p><strong><u>Aum\u00f4neries de coll\u00e8ge et lyc\u00e9e<\/u><\/strong><\/p>\n\n\n\n<p>Le p\u00e8re Rodrigo accompagne personnellement les aum\u00f4neries des jeunes, un enjeu capital pour la transmission de la foi.<\/p>\n\n\n\n<p>Pour chaque niveau des paroissiens engag\u00e9s coordonnent les activit\u00e9s. Vous pouvez trouver ici le nom des responsables et une personne de contact pour chaque groupe.<\/p>\n\n\n\n<p><strong><u>6\u00e8-5\u00e8<\/u><\/strong> : \u00a0Le p\u00e8re Rodrigo avec trois jeunes \u00e9tudiants de la paroisse : Victoire Julien, Victor Luis et Louise Audan-Martin, et quelques jeunes confirm\u00e9s accompagneront ce groupe vers la profession de foi.\u00a0Inscription<a href=\"https:\/\/docs.google.com\/forms\/d\/e\/1FAIpQLScB3M9kJYAdRYc5DEEydUYWGbzZnBuoReRXTQgXZ09X9XBGsA\/viewform?usp=header\" data-type=\"URL\" data-id=\"https:\/\/docs.google.com\/forms\/d\/e\/1FAIpQLScB3M9kJYAdRYc5DEEydUYWGbzZnBuoReRXTQgXZ09X9XBGsA\/viewform?usp=header\"> ICI<\/a><\/p>\n\n\n\n<p><strong>4e-3e-2nde<\/strong> : Un parcours Lifeteen anim\u00e9 par des \u00e9tudiants du foyer accompagn\u00e9s par le p\u00e8re Rodrigo est propos\u00e9 \u00e0 ce groupe le dimanche \u00e0 17h30, jusqu\u2019\u00e0 la messe de 19h. Au cours de ces ann\u00e9es nous proposons aux jeunes le sacrement de la confirmation (l\u2019archidioc\u00e8se de Madrid demande au moins 2 ans de pr\u00e9paration).<br>Inscriptions aupr\u00e8s de Clara de Biennassis : +34 6 15 57 78 08<\/p>\n\n\n\n<p><strong><u>1\u00e8re-Terminale<\/u><\/strong> : ce groupe permet aux jeunes confirm\u00e9s de continuer \u00e0 approfondir leur foi et \u00e0 se mettre au service des autres. Il est aussi le lieu de mis en place de projets. <\/p>\n\n\n\n<p>Responsables Jean-Michel B\u00e9ranger : +34 699 419 975<\/p>\n\n\n\n<p><strong><u>Initiation chr\u00e9tienne pour les adu<\/u>ltes :<\/strong><\/p>\n\n\n\n<p>Les adultes d\u00e9sirant recevoir le bapt\u00eame, la confirmation ou la premi\u00e8re communion<br>peuvent s\u2019adresser au p\u00e8re Rodrigo pour leur demande.<br>Un groupe est mis en place avec Arthur et Pilar Michaut, Pierre-Xavier et Isaure de Lamothe et Marie Crapez; Ce groupe d\u2019initiation chr\u00e9tienne s\u2019adresse aussi aux non-baptis\u00e9s.<\/p>\n","protected":false},"excerpt":{"rendered":"<p>Aum\u00f4neries de coll\u00e8ge et lyc\u00e9e Le p\u00e8re Rodrigo accompagne personnellement les aum\u00f4neries des jeunes, un enjeu capital pour la transmission de la foi. Pour chaque niveau des paroissiens engag\u00e9s coordonnent les activit\u00e9s. Vous pouvez trouver ici le nom des responsables et une personne de contact pour chaque groupe. 6\u00e8-5\u00e8 : \u00a0Le p\u00e8re Rodrigo avec trois [&hellip;]<\/p>\n","protected":false},"author":3,"featured_media":0,"parent":0,"menu_order":0,"comment_status":"closed","ping_status":"closed","template":"","meta":{"footnotes":""},"class_list":["post-4914","page","type-page","status-publish","hentry"],"_links":{"self":[{"href":"https:\/\/sanluisfranceses.archimadrid.com\/index.php?rest_route=\/wp\/v2\/pages\/4914","targetHints":{"allow":["GET"]}}],"collection":[{"href":"https:\/\/sanluisfranceses.archimadrid.com\/index.php?rest_route=\/wp\/v2\/pages"}],"about":[{"href":"https:\/\/sanluisfranceses.archimadrid.com\/index.php?rest_route=\/wp\/v2\/types\/page"}],"author":[{"embeddable":true,"href":"https:\/\/sanluisfranceses.archimadrid.com\/index.php?rest_route=\/wp\/v2\/users\/3"}],"replies":[{"embeddable":true,"href":"https:\/\/sanluisfranceses.archimadrid.com\/index.php?rest_route=%2Fwp%2Fv2%2Fcomments&post=4914"}],"version-history":[{"count":18,"href":"https:\/\/sanluisfranceses.archimadrid.com\/index.php?rest_route=\/wp\/v2\/pages\/4914\/revisions"}],"predecessor-version":[{"id":7253,"href":"https:\/\/sanluisfranceses.archimadrid.com\/index.php?rest_route=\/wp\/v2\/pages\/4914\/revisions\/7253"}],"wp:attachment":[{"href":"https:\/\/sanluisfranceses.archimadrid.com\/index.php?rest_route=%2Fwp%2Fv2%2Fmedia&parent=4914"}],"curies":[{"name":"wp","href":"https:\/\/api.w.org\/{rel}","templated":true}]}}