{"id":4146,"date":"2019-02-05T11:30:04","date_gmt":"2019-02-05T11:30:04","guid":{"rendered":"http:\/\/sanluisfranceses.archimadrid.com\/?page_id=4146"},"modified":"2025-09-08T09:41:19","modified_gmt":"2025-09-08T09:41:19","slug":"preparation-au-mariage","status":"publish","type":"page","link":"https:\/\/sanluisfranceses.archimadrid.com\/?page_id=4146","title":{"rendered":"Pr\u00e9paration au mariage"},"content":{"rendered":"\n<p><strong><u><br><\/u><\/strong>&nbsp;&nbsp;&nbsp;&nbsp;&nbsp;&nbsp;&nbsp;&nbsp; <strong>&nbsp;<\/strong>Les couples d\u00e9sirant se pr\u00e9parer pour un mariage ou m\u00eame voulant discerner un mariage peuvent s\u2019adresser au p\u00e8re Rodrigo qui accueille les demandes. Le lieu privil\u00e9gi\u00e9 pour un premier \u00e9change rapide et fixer un rendez-vous est la sortie de la messe du dimanche. Cela nous aide \u00e0 faire le lien de cette d\u00e9marche du couple avec la Communaut\u00e9 et avec le sacrement de l\u2019Eucharistie.<\/p>\n\n\n\n<p>Un chemin de pr\u00e9paration sera fait avec l\u2019accompagnement de Beno\u00eet et Viviane Mah\u00e9\u00a0; Anne Gras, au secr\u00e9tariat, les accompagnera pour la cr\u00e9ation du dossier canonique de Mariage.<\/p>\n","protected":false},"excerpt":{"rendered":"<p>&nbsp;&nbsp;&nbsp;&nbsp;&nbsp;&nbsp;&nbsp;&nbsp; &nbsp;Les couples d\u00e9sirant se pr\u00e9parer pour un mariage ou m\u00eame voulant discerner un mariage peuvent s\u2019adresser au p\u00e8re Rodrigo qui accueille les demandes. Le lieu privil\u00e9gi\u00e9 pour un premier \u00e9change rapide et fixer un rendez-vous est la sortie de la messe du dimanche. Cela nous aide \u00e0 faire le lien de cette d\u00e9marche du [&hellip;]<\/p>\n","protected":false},"author":3,"featured_media":0,"parent":0,"menu_order":0,"comment_status":"closed","ping_status":"closed","template":"","meta":{"footnotes":""},"class_list":["post-4146","page","type-page","status-publish","hentry"],"_links":{"self":[{"href":"https:\/\/sanluisfranceses.archimadrid.com\/index.php?rest_route=\/wp\/v2\/pages\/4146","targetHints":{"allow":["GET"]}}],"collection":[{"href":"https:\/\/sanluisfranceses.archimadrid.com\/index.php?rest_route=\/wp\/v2\/pages"}],"about":[{"href":"https:\/\/sanluisfranceses.archimadrid.com\/index.php?rest_route=\/wp\/v2\/types\/page"}],"author":[{"embeddable":true,"href":"https:\/\/sanluisfranceses.archimadrid.com\/index.php?rest_route=\/wp\/v2\/users\/3"}],"replies":[{"embeddable":true,"href":"https:\/\/sanluisfranceses.archimadrid.com\/index.php?rest_route=%2Fwp%2Fv2%2Fcomments&post=4146"}],"version-history":[{"count":10,"href":"https:\/\/sanluisfranceses.archimadrid.com\/index.php?rest_route=\/wp\/v2\/pages\/4146\/revisions"}],"predecessor-version":[{"id":7234,"href":"https:\/\/sanluisfranceses.archimadrid.com\/index.php?rest_route=\/wp\/v2\/pages\/4146\/revisions\/7234"}],"wp:attachment":[{"href":"https:\/\/sanluisfranceses.archimadrid.com\/index.php?rest_route=%2Fwp%2Fv2%2Fmedia&parent=4146"}],"curies":[{"name":"wp","href":"https:\/\/api.w.org\/{rel}","templated":true}]}}