{"id":3482,"date":"2018-12-06T18:30:19","date_gmt":"2018-12-06T18:30:19","guid":{"rendered":"http:\/\/sanluisfranceses.archimadrid.com\/?page_id=3482"},"modified":"2024-09-17T13:23:46","modified_gmt":"2024-09-17T13:23:46","slug":"denier-du-culte","status":"publish","type":"page","link":"https:\/\/sanluisfranceses.archimadrid.com\/?page_id=3482","title":{"rendered":"Denier du culte"},"content":{"rendered":"<p>Comme vous le savez peut-\u00eatre, la Paroisse Saint Louis des Fran\u00e7ais ne re\u00e7oit aucune aide financi\u00e8re, ni de l&#8217;Archev\u00each\u00e9 de Madrid, ni de la conf\u00e9rence \u00e9piscopale fran\u00e7aise dont elle d\u00e9pend.<\/p>\n<p>Ainsi tous les frais sont support\u00e9s par la communaut\u00e9 et si vous souhaitez continuer \u00e0 profiter d\u2019une paroisse dynamique, avec un organiste, des pr\u00eatres qui viennent c\u00e9l\u00e9brer les messes, nous souhaiterions que vous nous aidiez \u00e0 supporter ces frais.<\/p>\n<p>Votre aide sera bienvenue, quel qu\u2019en soit le montant, et cela vous permet de montrer votre engagement envers la Paroisse.<\/p>\n<p>Les dons que vous faites \u00e0 Saint Louis donnent aussi droit \u00e0 une d\u00e9duction fiscale.<br \/>\nNous vous encourageons vivement \u00e0 utiliser la d\u00e9duction fiscale pour en faire indirectement b\u00e9n\u00e9ficier la paroisse.<\/p>\n<p>Vous trouverez toutes les indications pour effectuer le paiement sur <span style=\"color: #ff0000;\"><a style=\"color: #ff0000;\" href=\"http:\/\/sanluisfranceses.archimadrid.com\/wp-content\/uploads\/2022\/10\/Denier-du-culte.pdf\">ce formulaire<\/a><\/span>, que vous devrez remplir, signer et retourner \u00e0 la paroisse (par email <a href=\"mailto:paroissesaintlouismadrid@gmail.com\">paroissesaintlouismadrid@gmail.com<\/a>, courrier postal, ou lors des messes dominicales) pour b\u00e9n\u00e9ficier de la d\u00e9duction fiscale.<\/p>\n<p>Si vous souhaitez effectuer un virement \u00e0 la paroisse, voici les coordonn\u00e9es bancaires<br \/>\nES79 0049 6791 7222 1600 9266<\/p>\n<p>Avec Tous nos remerciements,<br \/>\nLe conseil \u00e9conomique et social<br \/>\nParoisse Saint Louis des Fran\u00e7ais<\/p>\n<p>Si vous souhaitez les comptes de la Paroisse, n\u2019h\u00e9sitez pas \u00e0 nous les demander.<\/p>\n","protected":false},"excerpt":{"rendered":"<p>Comme vous le savez peut-\u00eatre, la Paroisse Saint Louis des Fran\u00e7ais ne re\u00e7oit aucune aide financi\u00e8re, ni de l&#8217;Archev\u00each\u00e9 de Madrid, ni de la conf\u00e9rence \u00e9piscopale fran\u00e7aise dont elle d\u00e9pend. Ainsi tous les frais sont support\u00e9s par la communaut\u00e9 et si vous souhaitez continuer \u00e0 profiter d\u2019une paroisse dynamique, avec un organiste, des pr\u00eatres qui [&hellip;]<\/p>\n","protected":false},"author":3,"featured_media":0,"parent":0,"menu_order":0,"comment_status":"closed","ping_status":"closed","template":"","meta":{"footnotes":""},"class_list":["post-3482","page","type-page","status-publish","hentry"],"_links":{"self":[{"href":"https:\/\/sanluisfranceses.archimadrid.com\/index.php?rest_route=\/wp\/v2\/pages\/3482","targetHints":{"allow":["GET"]}}],"collection":[{"href":"https:\/\/sanluisfranceses.archimadrid.com\/index.php?rest_route=\/wp\/v2\/pages"}],"about":[{"href":"https:\/\/sanluisfranceses.archimadrid.com\/index.php?rest_route=\/wp\/v2\/types\/page"}],"author":[{"embeddable":true,"href":"https:\/\/sanluisfranceses.archimadrid.com\/index.php?rest_route=\/wp\/v2\/users\/3"}],"replies":[{"embeddable":true,"href":"https:\/\/sanluisfranceses.archimadrid.com\/index.php?rest_route=%2Fwp%2Fv2%2Fcomments&post=3482"}],"version-history":[{"count":15,"href":"https:\/\/sanluisfranceses.archimadrid.com\/index.php?rest_route=\/wp\/v2\/pages\/3482\/revisions"}],"predecessor-version":[{"id":7062,"href":"https:\/\/sanluisfranceses.archimadrid.com\/index.php?rest_route=\/wp\/v2\/pages\/3482\/revisions\/7062"}],"wp:attachment":[{"href":"https:\/\/sanluisfranceses.archimadrid.com\/index.php?rest_route=%2Fwp%2Fv2%2Fmedia&parent=3482"}],"curies":[{"name":"wp","href":"https:\/\/api.w.org\/{rel}","templated":true}]}}