{"id":3312,"date":"2018-10-22T14:40:09","date_gmt":"2018-10-22T14:40:09","guid":{"rendered":"http:\/\/sanluisfranceses.archimadrid.com\/?page_id=3312"},"modified":"2025-08-27T10:58:47","modified_gmt":"2025-08-27T10:58:47","slug":"les-contacts-de-la-paroisse","status":"publish","type":"page","link":"https:\/\/sanluisfranceses.archimadrid.com\/?page_id=3312","title":{"rendered":"Les activit\u00e9s et contacts de la paroisse"},"content":{"rendered":"\n<p><a href=\"https:\/\/docs.google.com\/forms\/d\/e\/1FAIpQLSdt6RUrVRzWSVuogVac9iefMdj_962oAF5tJua24vsILzEl1g\/viewform\" data-type=\"URL\" data-id=\"https:\/\/docs.google.com\/forms\/d\/e\/1FAIpQLSdt6RUrVRzWSVuogVac9iefMdj_962oAF5tJua24vsILzEl1g\/viewform\">\u00c9veil \u00e0 la foi &#8211; Cat\u00e9chisme (\u00e9cole primaire)<\/a><br><a href=\"http:\/\/sanluisfranceses.archimadrid.com\/?page_id=4914\">Aum\u00f4nerie (de la 6\u00e8me \u00e0 la terminale)<\/a><br><a href=\"http:\/\/sanluisfranceses.archimadrid.com\/?page_id=120\">\u00c9tudiants\/ jeunes pros<\/a> (tous les jeunes sur Madrid \u00e9tudiants et jeunes pros)<br><a href=\"http:\/\/sanluisfranceses.archimadrid.com\/?page_id=122\">Scouts(pour les jeunes de 8 \u00e0 17 ans)<\/a><br><a href=\"http:\/\/sanluisfranceses.archimadrid.com\/?page_id=126\">\u00c9quipes Notre Dame<\/a> (couples)<\/p>\n\n\n\n<p><a href=\"http:\/\/sanluisfranceses.archimadrid.com\/?page_id=4110\">Liturgie (lectures, pri\u00e9re universelle)<\/a><br><a href=\"http:\/\/sanluisfranceses.archimadrid.com\/?page_id=6120\">Animation liturgique (chants, instruments)<\/a><br><a href=\"http:\/\/sanluisfranceses.archimadrid.com\/?page_id=6154\">Sacristie, enfants de choeur<\/a><\/p>\n\n\n\n<p><a href=\"http:\/\/sanluisfranceses.archimadrid.com\/?page_id=4118\">Secr\u00e9tariat&nbsp;(registres, certificats)<\/a><br><a href=\"http:\/\/sanluisfranceses.archimadrid.com\/?page_id=3352\">Conseil pastoral (organisation des \u00e9quipes, projets paroissiaux&#8230;)<br><\/a><a href=\"http:\/\/sanluisfranceses.archimadrid.com\/?page_id=3362\">Conseil \u00e9conomique (validation et orientation budg\u00e9taire)<\/a><br><br><a href=\"http:\/\/sanluisfranceses.archimadrid.com\/?page_id=4146\">Pr\u00e9paration au Mariage<\/a><br><a href=\"http:\/\/sanluisfranceses.archimadrid.com\/?page_id=4125\">Pr\u00e9paration au Bapteme<\/a><br><a href=\"http:\/\/sanluisfranceses.archimadrid.com\/?page_id=300\">Sacrement de la R\u00e9conciliation<\/a><br><br><a href=\"http:\/\/sanluisfranceses.archimadrid.com\/?page_id=3377\">Le site de la paroisse<\/a> (mise \u00e0 jour, communication, infolettre)<\/p>\n","protected":false},"excerpt":{"rendered":"<p>\u00c9veil \u00e0 la foi &#8211; Cat\u00e9chisme (\u00e9cole primaire)Aum\u00f4nerie (de la 6\u00e8me \u00e0 la terminale)\u00c9tudiants\/ jeunes pros (tous les jeunes sur Madrid \u00e9tudiants et jeunes pros)Scouts(pour les jeunes de 8 \u00e0 17 ans)\u00c9quipes Notre Dame (couples) Liturgie (lectures, pri\u00e9re universelle)Animation liturgique (chants, instruments)Sacristie, enfants de choeur Secr\u00e9tariat&nbsp;(registres, certificats)Conseil pastoral (organisation des \u00e9quipes, projets paroissiaux&#8230;)Conseil \u00e9conomique (validation [&hellip;]<\/p>\n","protected":false},"author":3,"featured_media":0,"parent":0,"menu_order":0,"comment_status":"closed","ping_status":"closed","template":"","meta":{"footnotes":""},"class_list":["post-3312","page","type-page","status-publish","hentry"],"_links":{"self":[{"href":"https:\/\/sanluisfranceses.archimadrid.com\/index.php?rest_route=\/wp\/v2\/pages\/3312","targetHints":{"allow":["GET"]}}],"collection":[{"href":"https:\/\/sanluisfranceses.archimadrid.com\/index.php?rest_route=\/wp\/v2\/pages"}],"about":[{"href":"https:\/\/sanluisfranceses.archimadrid.com\/index.php?rest_route=\/wp\/v2\/types\/page"}],"author":[{"embeddable":true,"href":"https:\/\/sanluisfranceses.archimadrid.com\/index.php?rest_route=\/wp\/v2\/users\/3"}],"replies":[{"embeddable":true,"href":"https:\/\/sanluisfranceses.archimadrid.com\/index.php?rest_route=%2Fwp%2Fv2%2Fcomments&post=3312"}],"version-history":[{"count":43,"href":"https:\/\/sanluisfranceses.archimadrid.com\/index.php?rest_route=\/wp\/v2\/pages\/3312\/revisions"}],"predecessor-version":[{"id":7225,"href":"https:\/\/sanluisfranceses.archimadrid.com\/index.php?rest_route=\/wp\/v2\/pages\/3312\/revisions\/7225"}],"wp:attachment":[{"href":"https:\/\/sanluisfranceses.archimadrid.com\/index.php?rest_route=%2Fwp%2Fv2%2Fmedia&parent=3312"}],"curies":[{"name":"wp","href":"https:\/\/api.w.org\/{rel}","templated":true}]}}