{"id":313,"date":"2014-02-06T15:42:30","date_gmt":"2014-02-06T15:42:30","guid":{"rendered":"http:\/\/saintlouis-madrid.cef.fr\/?page_id=313"},"modified":"2016-09-14T13:29:55","modified_gmt":"2016-09-14T13:29:55","slug":"loeuvre-saint-louis-des-francais","status":"publish","type":"page","link":"https:\/\/sanluisfranceses.archimadrid.com\/?page_id=313","title":{"rendered":"L&#8217;\u0152uvre Saint Louis des Fran\u00e7ais"},"content":{"rendered":"<p>L&#8217;\u0152uvre Saint Louis des Fran\u00e7ais a c\u00e9l\u00e9br\u00e9 ses 400 ans en 2013-2014 et poursuit son action.<\/p>\n<p>D\u00e9couvrir <span style=\"color: #0000ff;\"><a style=\"color: #0000ff;\" href=\"http:\/\/saintlouis-madrid.cef.fr\/?page_id=290\" target=\"_blank\">l&#8217;histoire de l&#8217;\u0152uvre <\/a><\/span>et de ses \u00e9tablissements, L\u2019\u0152uvre Saint Louis sur TVE (<span style=\"color: #0000ff;\"><a style=\"color: #0000ff;\" href=\"http:\/\/www.rtve.es\/alacarta\/videos\/audiencia-abierta\/audiencia-abierta-28-03-15\/3066662\/\">le 28 mars 2015 \u00e0 partir de 26&#8217;39<\/a><\/span>)<\/p>\n<p style=\"text-align: justify;\">Quelques <span style=\"color: #0000ff;\"><a style=\"color: #0000ff;\" href=\"http:\/\/saintlouis-madrid.cef.fr\/?page_id=2164\">informations r\u00e9centes <\/a><\/span>: Bourse Saint Louis Solidarit\u00e9, soutien \u00e0 l&#8217;association Pueblos Unidos.<\/p>\n<p>L&#8217;\u0152uvre Saint Louis vient en aide pour plus de 200 000 euros par an aux personnes dans le besoin. Elle ne re\u00e7oit aucune subvention. D\u00e9couvrir son fonctionnement en <span style=\"color: #0000ff;\"><a style=\"color: #0000ff;\" href=\"http:\/\/saintlouis-madrid.cef.fr\/wp-content\/uploads\/2014\/02\/Aides-Sociales.pdf\">fran\u00e7ais<\/a><\/span>\u00a0ou en <span style=\"color: #0000ff;\"><a style=\"color: #0000ff;\" href=\"http:\/\/saintlouis-madrid.cef.fr\/wp-content\/uploads\/2014\/02\/Actividades-Caritativas.pdf\">espagnol<\/a><\/span>. Elle est engag\u00e9e depuis 2011 aupr\u00e8s de l&#8217;<span style=\"color: #0000ff;\"><a style=\"color: #0000ff;\" href=\"http:\/\/lentraide.es\/\">Entraite-Solidarit\u00e9 France<\/a><\/span>.<\/p>\n<p>Contacter le <span style=\"color: #0000ff;\"><a style=\"color: #0000ff;\" href=\"mailto: obraluis@gmail.com\" target=\"_blank\">Secr\u00e9tariat G\u00e9n\u00e9ral<\/a> <\/span>de l&#8217;OSL \/ 91 578 46 38<\/p>\n<p>Contacter <a href=\"mailto: oeuvresaintlouis@gmail.com\" target=\"_blank\">l&#8217;<span style=\"color: #0000ff;\">Aum\u00f4nier-Administrateur<\/span><\/a><\/p>\n<p><span style=\"color: #0000ff;\"><a style=\"color: #0000ff;\" title=\"L'\u0152uvre Saint Louis des Fran\u00e7ais \" href=\"http:\/\/obrasanluis.blogspot.com\" target=\"_blank\">Blog de l&#8217;\u0152uvre <\/a><\/span>Saint Louis des Fran\u00e7ais<\/p>\n<p><span style=\"color: #0000ff;\"><a style=\"color: #0000ff;\" href=\"http:\/\/www.residenciasanluis.com\/\" target=\"_blank\">Foyer-R\u00e9sidence<\/a><\/span> de personnes \u00e2g\u00e9es \/ 91 431 28 00 \/ <span style=\"color: #0000ff;\"><a style=\"color: #0000ff;\" href=\"mailto: info@residenciasanluis.com\" target=\"_blank\">mail<\/a><\/span><\/p>\n<p><span style=\"color: #0000ff;\"><a style=\"color: #0000ff;\" href=\"http:\/\/www.stlouisfrancais.com\/\" target=\"_blank\">Colegio San Luis de los Franceses<\/a><\/span> \/ 91 352 05 17 \/ <span style=\"color: #0000ff;\"><a style=\"color: #0000ff;\" href=\"mailto: s_louis@stlouisfrancais.com\" target=\"_blank\">mail<\/a><\/span><\/p>\n","protected":false},"excerpt":{"rendered":"<p>L&#8217;\u0152uvre Saint Louis des Fran\u00e7ais a c\u00e9l\u00e9br\u00e9 ses 400 ans en 2013-2014 et poursuit son action. D\u00e9couvrir l&#8217;histoire de l&#8217;\u0152uvre et de ses \u00e9tablissements, L\u2019\u0152uvre Saint Louis sur TVE (le 28 mars 2015 \u00e0 partir de 26&#8217;39) Quelques informations r\u00e9centes : Bourse Saint Louis Solidarit\u00e9, soutien \u00e0 l&#8217;association Pueblos Unidos. L&#8217;\u0152uvre Saint Louis vient en [&hellip;]<\/p>\n","protected":false},"author":3,"featured_media":0,"parent":0,"menu_order":0,"comment_status":"closed","ping_status":"closed","template":"","meta":{"footnotes":""},"class_list":["post-313","page","type-page","status-publish","hentry"],"_links":{"self":[{"href":"https:\/\/sanluisfranceses.archimadrid.com\/index.php?rest_route=\/wp\/v2\/pages\/313","targetHints":{"allow":["GET"]}}],"collection":[{"href":"https:\/\/sanluisfranceses.archimadrid.com\/index.php?rest_route=\/wp\/v2\/pages"}],"about":[{"href":"https:\/\/sanluisfranceses.archimadrid.com\/index.php?rest_route=\/wp\/v2\/types\/page"}],"author":[{"embeddable":true,"href":"https:\/\/sanluisfranceses.archimadrid.com\/index.php?rest_route=\/wp\/v2\/users\/3"}],"replies":[{"embeddable":true,"href":"https:\/\/sanluisfranceses.archimadrid.com\/index.php?rest_route=%2Fwp%2Fv2%2Fcomments&post=313"}],"version-history":[{"count":7,"href":"https:\/\/sanluisfranceses.archimadrid.com\/index.php?rest_route=\/wp\/v2\/pages\/313\/revisions"}],"predecessor-version":[{"id":2172,"href":"https:\/\/sanluisfranceses.archimadrid.com\/index.php?rest_route=\/wp\/v2\/pages\/313\/revisions\/2172"}],"wp:attachment":[{"href":"https:\/\/sanluisfranceses.archimadrid.com\/index.php?rest_route=%2Fwp%2Fv2%2Fmedia&parent=313"}],"curies":[{"name":"wp","href":"https:\/\/api.w.org\/{rel}","templated":true}]}}