{"id":126,"date":"2014-01-27T22:32:54","date_gmt":"2014-01-27T22:32:54","guid":{"rendered":"http:\/\/saintlouis-madrid.cef.fr\/?page_id=126"},"modified":"2025-08-29T08:29:59","modified_gmt":"2025-08-29T08:29:59","slug":"equipes-notre-dame","status":"publish","type":"page","link":"https:\/\/sanluisfranceses.archimadrid.com\/?page_id=126","title":{"rendered":"Equipes Notre Dame"},"content":{"rendered":"<p><span style=\"font-family: verdana, geneva, sans-serif;\"><b><a href=\"http:\/\/saintlouis-madrid.cef.fr\/wp-content\/uploads\/2014\/01\/END-logo2.jpg\"><img loading=\"lazy\" decoding=\"async\" class=\" wp-image-917 aligncenter\" src=\"http:\/\/saintlouis-madrid.cef.fr\/wp-content\/uploads\/2014\/01\/END-logo2-300x168.jpg\" alt=\"END logo2\" width=\"231\" height=\"130\" srcset=\"https:\/\/sanluisfranceses.archimadrid.com\/wp-content\/uploads\/2014\/01\/END-logo2-300x168.jpg 300w, https:\/\/sanluisfranceses.archimadrid.com\/wp-content\/uploads\/2014\/01\/END-logo2.jpg 620w\" sizes=\"auto, (max-width: 231px) 100vw, 231px\" \/><\/a><\/b><\/span><\/p>\n<p><span style=\"font-family: verdana, geneva, sans-serif;\"><b>Vivre pour aimer, donner, construire : une belle aventure pour la vie ! <\/b><\/span><\/p>\n<p><span style=\"font-family: verdana, geneva, sans-serif;\"><b>Les Equipes Notre Dame proposent un cheminement en \u00e9quipes de 4 \u00e0 5 couples unis par le sacrement de mariage. <\/b><\/span><\/p>\n<p><span style=\"font-family: verdana, geneva, sans-serif;\"><b>Chaque mois, \u00e0 l\u2019occasion d\u2019un repas convivial, les \u00e9quipes se r\u00e9unissent \u00a0avec un pr\u00eatre pour prier, partager leurs exp\u00e9riences et s\u2019entraider \u00e0 mieux vivre et approfondir leur foi en couple. <\/b><\/span><\/p>\n<p><span style=\"font-family: verdana, geneva, sans-serif;\"><b>Pour en savoir plus,<br \/><a href=\"http:\/\/www.equipes-notre-dame.fr\">www.equipes-notre-dame.fr<\/a><\/b><\/span><\/p>\n<p><span style=\"font-family: verdana, geneva, sans-serif;\"><b>Contacts\u00a0:<br \/><\/b><\/span><\/p>\n<p><span style=\"font-family: verdana, geneva, sans-serif;\">Isabelle Moutaux : +33661576312<\/span><\/p>\n<p>\u00a0<\/p>\n<p><b>\u00a0<\/b><\/p>\n\n\n<p><\/p>\n","protected":false},"excerpt":{"rendered":"<p>Vivre pour aimer, donner, construire : une belle aventure pour la vie ! Les Equipes Notre Dame proposent un cheminement en \u00e9quipes de 4 \u00e0 5 couples unis par le sacrement de mariage. Chaque mois, \u00e0 l\u2019occasion d\u2019un repas convivial, les \u00e9quipes se r\u00e9unissent \u00a0avec un pr\u00eatre pour prier, partager leurs exp\u00e9riences et s\u2019entraider \u00e0 [&hellip;]<\/p>\n","protected":false},"author":3,"featured_media":0,"parent":0,"menu_order":0,"comment_status":"closed","ping_status":"closed","template":"","meta":{"footnotes":""},"class_list":["post-126","page","type-page","status-publish","hentry"],"_links":{"self":[{"href":"https:\/\/sanluisfranceses.archimadrid.com\/index.php?rest_route=\/wp\/v2\/pages\/126","targetHints":{"allow":["GET"]}}],"collection":[{"href":"https:\/\/sanluisfranceses.archimadrid.com\/index.php?rest_route=\/wp\/v2\/pages"}],"about":[{"href":"https:\/\/sanluisfranceses.archimadrid.com\/index.php?rest_route=\/wp\/v2\/types\/page"}],"author":[{"embeddable":true,"href":"https:\/\/sanluisfranceses.archimadrid.com\/index.php?rest_route=\/wp\/v2\/users\/3"}],"replies":[{"embeddable":true,"href":"https:\/\/sanluisfranceses.archimadrid.com\/index.php?rest_route=%2Fwp%2Fv2%2Fcomments&post=126"}],"version-history":[{"count":5,"href":"https:\/\/sanluisfranceses.archimadrid.com\/index.php?rest_route=\/wp\/v2\/pages\/126\/revisions"}],"predecessor-version":[{"id":7227,"href":"https:\/\/sanluisfranceses.archimadrid.com\/index.php?rest_route=\/wp\/v2\/pages\/126\/revisions\/7227"}],"wp:attachment":[{"href":"https:\/\/sanluisfranceses.archimadrid.com\/index.php?rest_route=%2Fwp%2Fv2%2Fmedia&parent=126"}],"curies":[{"name":"wp","href":"https:\/\/api.w.org\/{rel}","templated":true}]}}