{"id":124,"date":"2014-01-27T22:32:15","date_gmt":"2014-01-27T22:32:15","guid":{"rendered":"http:\/\/saintlouis-madrid.cef.fr\/?page_id=124"},"modified":"2021-09-27T19:41:06","modified_gmt":"2021-09-27T19:41:06","slug":"bibliotheque-francaise","status":"publish","type":"page","link":"https:\/\/sanluisfranceses.archimadrid.com\/?page_id=124","title":{"rendered":"Biblioth\u00e8que fran\u00e7aise"},"content":{"rendered":"\n<p>Une biblioth\u00e8que de plus de 7.000 livres tous en fran\u00e7ais: romans, BD, policiers, biographies, histoire, litt\u00e9rature &#8230;<\/p>\n\n\n\n<p>A chaque rentr\u00e9e litt\u00e9raire, les meilleures nouveaut\u00e9s et les Prix.<\/p>\n\n\n\n<p>ET POUR LES ENFANTS ET JEUNES: <br>Plus de 1.000 livres pour enfants et Ados Plus de 300 albums pour les petits Et un rayon sp\u00e9cial \u00bb Premi\u00e8res Lectures \u00ab.<\/p>\n\n\n\n<p>ADRESSE: C\/ Padilla n&#8217; 9 ( au fond du jardin, dans les locaux de la paroisse).<\/p>\n\n\n\n<p>HORAIRES: Jeudis et dimanches de 11h \u00e0 13h.<br>Ouvert pendant les vacances scolaires.<\/p>\n\n\n\n<p>CONTACT: B\u00e9atrice 600555576<\/p>\n","protected":false},"excerpt":{"rendered":"<p>Une biblioth\u00e8que de plus de 7.000 livres tous en fran\u00e7ais: romans, BD, policiers, biographies, histoire, litt\u00e9rature &#8230; A chaque rentr\u00e9e litt\u00e9raire, les meilleures nouveaut\u00e9s et les Prix. ET POUR LES ENFANTS ET JEUNES: Plus de 1.000 livres pour enfants et Ados Plus de 300 albums pour les petits Et un rayon sp\u00e9cial \u00bb Premi\u00e8res Lectures [&hellip;]<\/p>\n","protected":false},"author":3,"featured_media":0,"parent":0,"menu_order":0,"comment_status":"closed","ping_status":"closed","template":"","meta":{"footnotes":""},"class_list":["post-124","page","type-page","status-publish","hentry"],"_links":{"self":[{"href":"https:\/\/sanluisfranceses.archimadrid.com\/index.php?rest_route=\/wp\/v2\/pages\/124","targetHints":{"allow":["GET"]}}],"collection":[{"href":"https:\/\/sanluisfranceses.archimadrid.com\/index.php?rest_route=\/wp\/v2\/pages"}],"about":[{"href":"https:\/\/sanluisfranceses.archimadrid.com\/index.php?rest_route=\/wp\/v2\/types\/page"}],"author":[{"embeddable":true,"href":"https:\/\/sanluisfranceses.archimadrid.com\/index.php?rest_route=\/wp\/v2\/users\/3"}],"replies":[{"embeddable":true,"href":"https:\/\/sanluisfranceses.archimadrid.com\/index.php?rest_route=%2Fwp%2Fv2%2Fcomments&post=124"}],"version-history":[{"count":3,"href":"https:\/\/sanluisfranceses.archimadrid.com\/index.php?rest_route=\/wp\/v2\/pages\/124\/revisions"}],"predecessor-version":[{"id":6607,"href":"https:\/\/sanluisfranceses.archimadrid.com\/index.php?rest_route=\/wp\/v2\/pages\/124\/revisions\/6607"}],"wp:attachment":[{"href":"https:\/\/sanluisfranceses.archimadrid.com\/index.php?rest_route=%2Fwp%2Fv2%2Fmedia&parent=124"}],"curies":[{"name":"wp","href":"https:\/\/api.w.org\/{rel}","templated":true}]}}