{"id":122,"date":"2014-01-27T22:31:31","date_gmt":"2014-01-27T22:31:31","guid":{"rendered":"http:\/\/saintlouis-madrid.cef.fr\/?page_id=122"},"modified":"2025-09-24T11:06:18","modified_gmt":"2025-09-24T11:06:18","slug":"scouts","status":"publish","type":"page","link":"https:\/\/sanluisfranceses.archimadrid.com\/?page_id=122","title":{"rendered":"Scouts francophones"},"content":{"rendered":"\n<p>La Paroisse Saint Louis des Fran\u00e7ais accueille le Groupe Saint Louis &#8211; 1<sup>\u00e8re<\/sup>&nbsp;Madrid, groupe scout francophone rattach\u00e9 \u00e0 notre Paroisse. Il s\u2019agit d\u2019un Groupe conventionn\u00e9 SUF qui applique la p\u00e9dagogie des Scouts Unitaires de France.<\/p>\n\n\n\n<p>Il s\u2019adresse aux enfants de la Paroisse qui souhaitent vivre l\u2019Aventure scoute : en jouant, en vivant au contact de la nature, en prenant progressivement des responsabilit\u00e9s, en transmettant aux plus jeunes, en vivant une foi tonique !&nbsp;<\/p>\n\n\n\n<p>Une devise : \u00ab Faire de son mieux ! \u00bb<\/p>\n\n\n\n<p>Pour tout renseignement ou demande d\u2019inscription, \u00e9crire \u00e0 Margault et Ronan de Herc\u00e9 \u2013 Chefs de Groupe :\u00a0<a href=\"mailto:groupescoutsaintlouismadrid@gmail.com\">groupescoutsaintlouismadrid@gmail.com<\/a><\/p>\n\n\n\n<p>Tu as plus de 18 ans, tu es \u00e9tudiant pour quelques mois, pour un an ou plus. Tu es d\u00e9j\u00e0 scout ou tu as envie de d\u00e9couvrir le scoutisme. Tu souhaites t\u2019investir comme chef ou cheftaine au sein du Groupe Saint Louis et rejoindre notre Communaut\u00e9 des A\u00een\u00e9s, alors \u00e9cris-nous \u00e0 :&nbsp;<\/p>\n\n\n\n<p><a href=\"mailto:groupescoutsaintlouismadrid@gmail.com\">groupescoutsaintlouismadrid@gmail.com<\/a><\/p>\n\n\n\n<figure class=\"wp-block-image size-large is-resized\"><a href=\"https:\/\/sanluisfranceses.archimadrid.com\/wp-content\/uploads\/2023\/11\/croix-suf-1.jpg\"><img loading=\"lazy\" decoding=\"async\" src=\"https:\/\/sanluisfranceses.archimadrid.com\/wp-content\/uploads\/2023\/11\/croix-suf-1.jpg\" alt=\"\" class=\"wp-image-6919\" width=\"227\" height=\"226\" srcset=\"https:\/\/sanluisfranceses.archimadrid.com\/wp-content\/uploads\/2023\/11\/croix-suf-1.jpg 880w, https:\/\/sanluisfranceses.archimadrid.com\/wp-content\/uploads\/2023\/11\/croix-suf-1-300x300.jpg 300w, https:\/\/sanluisfranceses.archimadrid.com\/wp-content\/uploads\/2023\/11\/croix-suf-1-150x150.jpg 150w, https:\/\/sanluisfranceses.archimadrid.com\/wp-content\/uploads\/2023\/11\/croix-suf-1-768x766.jpg 768w, https:\/\/sanluisfranceses.archimadrid.com\/wp-content\/uploads\/2023\/11\/croix-suf-1-624x623.jpg 624w\" sizes=\"auto, (max-width: 227px) 100vw, 227px\" \/><\/a><\/figure>\n","protected":false},"excerpt":{"rendered":"<p>La Paroisse Saint Louis des Fran\u00e7ais accueille le Groupe Saint Louis &#8211; 1\u00e8re&nbsp;Madrid, groupe scout francophone rattach\u00e9 \u00e0 notre Paroisse. Il s\u2019agit d\u2019un Groupe conventionn\u00e9 SUF qui applique la p\u00e9dagogie des Scouts Unitaires de France. Il s\u2019adresse aux enfants de la Paroisse qui souhaitent vivre l\u2019Aventure scoute : en jouant, en vivant au contact de [&hellip;]<\/p>\n","protected":false},"author":3,"featured_media":0,"parent":0,"menu_order":0,"comment_status":"closed","ping_status":"closed","template":"","meta":{"footnotes":""},"class_list":["post-122","page","type-page","status-publish","hentry"],"_links":{"self":[{"href":"https:\/\/sanluisfranceses.archimadrid.com\/index.php?rest_route=\/wp\/v2\/pages\/122","targetHints":{"allow":["GET"]}}],"collection":[{"href":"https:\/\/sanluisfranceses.archimadrid.com\/index.php?rest_route=\/wp\/v2\/pages"}],"about":[{"href":"https:\/\/sanluisfranceses.archimadrid.com\/index.php?rest_route=\/wp\/v2\/types\/page"}],"author":[{"embeddable":true,"href":"https:\/\/sanluisfranceses.archimadrid.com\/index.php?rest_route=\/wp\/v2\/users\/3"}],"replies":[{"embeddable":true,"href":"https:\/\/sanluisfranceses.archimadrid.com\/index.php?rest_route=%2Fwp%2Fv2%2Fcomments&post=122"}],"version-history":[{"count":12,"href":"https:\/\/sanluisfranceses.archimadrid.com\/index.php?rest_route=\/wp\/v2\/pages\/122\/revisions"}],"predecessor-version":[{"id":7254,"href":"https:\/\/sanluisfranceses.archimadrid.com\/index.php?rest_route=\/wp\/v2\/pages\/122\/revisions\/7254"}],"wp:attachment":[{"href":"https:\/\/sanluisfranceses.archimadrid.com\/index.php?rest_route=%2Fwp%2Fv2%2Fmedia&parent=122"}],"curies":[{"name":"wp","href":"https:\/\/api.w.org\/{rel}","templated":true}]}}