{"id":118,"date":"2014-01-27T22:30:22","date_gmt":"2014-01-27T22:30:22","guid":{"rendered":"http:\/\/saintlouis-madrid.cef.fr\/?page_id=118"},"modified":"2025-08-27T10:40:32","modified_gmt":"2025-08-27T10:40:32","slug":"messes-des-familles","status":"publish","type":"page","link":"https:\/\/sanluisfranceses.archimadrid.com\/?page_id=118","title":{"rendered":"Messes des familles"},"content":{"rendered":"<p>Une fois par mois a lieu la <span style=\"color: #ff0000;\">Messe des familles \u00e0 11h30<span style=\"color: #000000;\">, lors d&#8217;un dimanche de Cat\u00e9chisme.<\/span><\/span><\/p>\n<p>Cette ann\u00e9e scolaire 2025-2026, elles seront les : 12 octobre, 30 novembre, 11 janvier, 1er mars, 31 mai et 21 juin.<\/p>\n\n\n<p><\/p>\n","protected":false},"excerpt":{"rendered":"<p>Une fois par mois a lieu la Messe des familles \u00e0 11h30, lors d&#8217;un dimanche de Cat\u00e9chisme. Cette ann\u00e9e scolaire 2025-2026, elles seront les : 12 octobre, 30 novembre, 11 janvier, 1er mars, 31 mai et 21 juin.<\/p>\n","protected":false},"author":3,"featured_media":0,"parent":0,"menu_order":0,"comment_status":"closed","ping_status":"closed","template":"","meta":{"footnotes":""},"class_list":["post-118","page","type-page","status-publish","hentry"],"_links":{"self":[{"href":"https:\/\/sanluisfranceses.archimadrid.com\/index.php?rest_route=\/wp\/v2\/pages\/118","targetHints":{"allow":["GET"]}}],"collection":[{"href":"https:\/\/sanluisfranceses.archimadrid.com\/index.php?rest_route=\/wp\/v2\/pages"}],"about":[{"href":"https:\/\/sanluisfranceses.archimadrid.com\/index.php?rest_route=\/wp\/v2\/types\/page"}],"author":[{"embeddable":true,"href":"https:\/\/sanluisfranceses.archimadrid.com\/index.php?rest_route=\/wp\/v2\/users\/3"}],"replies":[{"embeddable":true,"href":"https:\/\/sanluisfranceses.archimadrid.com\/index.php?rest_route=%2Fwp%2Fv2%2Fcomments&post=118"}],"version-history":[{"count":6,"href":"https:\/\/sanluisfranceses.archimadrid.com\/index.php?rest_route=\/wp\/v2\/pages\/118\/revisions"}],"predecessor-version":[{"id":7223,"href":"https:\/\/sanluisfranceses.archimadrid.com\/index.php?rest_route=\/wp\/v2\/pages\/118\/revisions\/7223"}],"wp:attachment":[{"href":"https:\/\/sanluisfranceses.archimadrid.com\/index.php?rest_route=%2Fwp%2Fv2%2Fmedia&parent=118"}],"curies":[{"name":"wp","href":"https:\/\/api.w.org\/{rel}","templated":true}]}}