{"id":4125,"date":"2019-02-01T17:21:31","date_gmt":"2019-02-01T17:21:31","guid":{"rendered":"http:\/\/sanluisfranceses.archimadrid.com\/?page_id=4125"},"modified":"2022-10-10T14:05:57","modified_gmt":"2022-10-10T14:05:57","slug":"bapteme","status":"publish","type":"page","link":"http:\/\/sanluisfranceses.archimadrid.com\/?page_id=4125","title":{"rendered":"Bapt\u00eame"},"content":{"rendered":"\n<p><strong><u>Demande de bapt\u00eame pour les enfants\u00a0:<br><\/u><\/strong><\/p>\n\n\n\n<p>     Les parents d\u00e9sirant demander le bapt\u00eame pour leur enfant s\u2019adressent en premier lieu au p\u00e8re Rodrigo. Le lieu privil\u00e9gi\u00e9 pour un premier \u00e9change rapide et fixer un rendez-vous est la sortie de la messe du dimanche, car le bapt\u00eame est la porte d\u2019entr\u00e9e \u00e0 l\u2019\u00c9glise du Christ, qui se r\u00e9unit chaque dimanche pour c\u00e9l\u00e9brer dans l\u2019Eucharistie sa raison d\u2019\u00eatre et de vivre. <\/p>\n\n\n\n<p><strong><u>Initiation chr\u00e9tienne pour les adultes&nbsp;:<\/u><\/strong><\/p>\n\n\n\n<p>     Les adultes souhaitant \u00eatre baptis\u00e9s peuvent aussi contacter le p\u00e8re Rodrigo pour d\u00e9finir un chemin de pr\u00e9paration et un cat\u00e9chiste accompagnateur.<\/p>\n","protected":false},"excerpt":{"rendered":"<p>Demande de bapt\u00eame pour les enfants\u00a0: Les parents d\u00e9sirant demander le bapt\u00eame pour leur enfant s\u2019adressent en premier lieu au p\u00e8re Rodrigo. Le lieu privil\u00e9gi\u00e9 pour un premier \u00e9change rapide et fixer un rendez-vous est la sortie de la messe du dimanche, car le bapt\u00eame est la porte d\u2019entr\u00e9e \u00e0 l\u2019\u00c9glise du Christ, qui se [&hellip;]<\/p>\n","protected":false},"author":3,"featured_media":0,"parent":0,"menu_order":0,"comment_status":"closed","ping_status":"closed","template":"","meta":{"footnotes":""},"class_list":["post-4125","page","type-page","status-publish","hentry"],"_links":{"self":[{"href":"http:\/\/sanluisfranceses.archimadrid.com\/index.php?rest_route=\/wp\/v2\/pages\/4125","targetHints":{"allow":["GET"]}}],"collection":[{"href":"http:\/\/sanluisfranceses.archimadrid.com\/index.php?rest_route=\/wp\/v2\/pages"}],"about":[{"href":"http:\/\/sanluisfranceses.archimadrid.com\/index.php?rest_route=\/wp\/v2\/types\/page"}],"author":[{"embeddable":true,"href":"http:\/\/sanluisfranceses.archimadrid.com\/index.php?rest_route=\/wp\/v2\/users\/3"}],"replies":[{"embeddable":true,"href":"http:\/\/sanluisfranceses.archimadrid.com\/index.php?rest_route=%2Fwp%2Fv2%2Fcomments&post=4125"}],"version-history":[{"count":6,"href":"http:\/\/sanluisfranceses.archimadrid.com\/index.php?rest_route=\/wp\/v2\/pages\/4125\/revisions"}],"predecessor-version":[{"id":6737,"href":"http:\/\/sanluisfranceses.archimadrid.com\/index.php?rest_route=\/wp\/v2\/pages\/4125\/revisions\/6737"}],"wp:attachment":[{"href":"http:\/\/sanluisfranceses.archimadrid.com\/index.php?rest_route=%2Fwp%2Fv2%2Fmedia&parent=4125"}],"curies":[{"name":"wp","href":"https:\/\/api.w.org\/{rel}","templated":true}]}}