{"id":378,"date":"2014-02-09T13:33:51","date_gmt":"2014-02-09T13:33:51","guid":{"rendered":"http:\/\/saintlouis-madrid.cef.fr\/?page_id=378"},"modified":"2019-02-16T11:18:20","modified_gmt":"2019-02-16T11:18:20","slug":"des-sites-utiles","status":"publish","type":"page","link":"http:\/\/sanluisfranceses.archimadrid.com\/?page_id=378","title":{"rendered":"Des sites utiles"},"content":{"rendered":"<p><span style=\"color: #0000ff;\"><a style=\"color: #0000ff;\" href=\"http:\/\/www.eglise.catholique.fr\/accueil.html\">Eglise catholique en France<\/a><\/span><\/p>\n<p><a href=\"https:\/\/eglise.catholique.fr\/conference-des-eveques-de-france\/\"><span style=\"color: #0000ff;\">Conf\u00e9rence des Ev\u00eaques de France (CEF)<\/span><\/a><\/p>\n<p><a href=\"http:\/\/communautes-francophones.catholique.fr\/\"><span style=\"color: #0000ff;\">Communaut\u00e9s Catholiques Francophones dans le monde<\/span><\/a><\/p>\n<p><span style=\"color: #0000ff;\"><a style=\"color: #0000ff;\" href=\"http:\/\/www.archimadrid.org\/\">Archidioc\u00e8se de Madrid<\/a><\/span><\/p>\n<p><span style=\"color: #0000ff;\"><a style=\"color: #0000ff;\" href=\"http:\/\/www.vatican.va\/phome_fr.htm\">Le Vatican<\/a><\/span><\/p>\n<p>Site de <span style=\"color: #0000ff;\"><a style=\"color: #0000ff;\" href=\"http:\/\/www.aelf.org\/\">la liturgie en Fran\u00e7ais<\/a><\/span><\/p>\n","protected":false},"excerpt":{"rendered":"<p>Eglise catholique en France Conf\u00e9rence des Ev\u00eaques de France (CEF) Communaut\u00e9s Catholiques Francophones dans le monde Archidioc\u00e8se de Madrid Le Vatican Site de la liturgie en Fran\u00e7ais<\/p>\n","protected":false},"author":3,"featured_media":0,"parent":0,"menu_order":0,"comment_status":"closed","ping_status":"closed","template":"","meta":{"footnotes":""},"class_list":["post-378","page","type-page","status-publish","hentry"],"_links":{"self":[{"href":"http:\/\/sanluisfranceses.archimadrid.com\/index.php?rest_route=\/wp\/v2\/pages\/378","targetHints":{"allow":["GET"]}}],"collection":[{"href":"http:\/\/sanluisfranceses.archimadrid.com\/index.php?rest_route=\/wp\/v2\/pages"}],"about":[{"href":"http:\/\/sanluisfranceses.archimadrid.com\/index.php?rest_route=\/wp\/v2\/types\/page"}],"author":[{"embeddable":true,"href":"http:\/\/sanluisfranceses.archimadrid.com\/index.php?rest_route=\/wp\/v2\/users\/3"}],"replies":[{"embeddable":true,"href":"http:\/\/sanluisfranceses.archimadrid.com\/index.php?rest_route=%2Fwp%2Fv2%2Fcomments&post=378"}],"version-history":[{"count":5,"href":"http:\/\/sanluisfranceses.archimadrid.com\/index.php?rest_route=\/wp\/v2\/pages\/378\/revisions"}],"predecessor-version":[{"id":4352,"href":"http:\/\/sanluisfranceses.archimadrid.com\/index.php?rest_route=\/wp\/v2\/pages\/378\/revisions\/4352"}],"wp:attachment":[{"href":"http:\/\/sanluisfranceses.archimadrid.com\/index.php?rest_route=%2Fwp%2Fv2%2Fmedia&parent=378"}],"curies":[{"name":"wp","href":"https:\/\/api.w.org\/{rel}","templated":true}]}}