{"id":307,"date":"2014-02-06T14:02:18","date_gmt":"2014-02-06T14:02:18","guid":{"rendered":"http:\/\/saintlouis-madrid.cef.fr\/?page_id=307"},"modified":"2023-10-24T08:17:54","modified_gmt":"2023-10-24T08:17:54","slug":"messes","status":"publish","type":"page","link":"http:\/\/sanluisfranceses.archimadrid.com\/?page_id=307","title":{"rendered":"Horaires des Messes"},"content":{"rendered":"\n<p><strong>La messe est c\u00e9l\u00e9br\u00e9e en fran\u00e7ais tous les dimanches \u00e0 11h30 et 19h<br><\/strong>Pas de messes en fran\u00e7ais entre le 21 juillet et le 20 ao\u00fbt<\/p>\n\n\n\n<p><strong>Jours de f\u00eates qui ne tombent pas un dimanche<\/strong><br><br>Les jours de pr\u00e9cepte tels que No\u00ebl, la Toussaint, le 8 D\u00e9cembre, le 1er Janvier, l&#8217;Epiphanie (6 Janvier), Saint Joseph (19 Mars), la messe est aussi c\u00e9l\u00e9br\u00e9e \u00e0 11h30.<br>La messe de l&#8217;Ascension est c\u00e9l\u00e9br\u00e9e comme en Espagne le dimanche qui pr\u00e9c\u00e8de la Pentec\u00f4te (et non le jeudi dix jours avant la Pentec\u00f4te).<br>Le 2 Novembre, messe \u00e0 20h00 pour les d\u00e9funts de la paroisse.<\/p>\n\n\n\n<p>No\u00ebl : Messe \u00e0 20h le 24 D\u00e9cembre, et 11h30  le 25.<br>Consultez <a rel=\"noreferrer noopener\" href=\"http:\/\/sanluisfranceses.archimadrid.com\/?p=6672\" data-type=\"URL\" data-id=\"http:\/\/sanluisfranceses.archimadrid.com\/?p=6672\" target=\"_blank\">ici<\/a> les horaires de la semaine sainte<\/p>\n\n\n\n<p><strong>La messe de semaine<\/strong>:<\/p>\n\n\n\n<p>En espagnol tous les jours \u00e0 12h00 au Hogar Residencia San Luis de los Franceses (Claudio Coello, 94).<\/p>\n\n\n\n<p>En fran\u00e7ais tous les mercredis \u00e0 20h00 dans l&#8217;\u00e9glise St Louis, pr\u00e9c\u00e9d\u00e9e des confessions \u00e0 partir de 19h00.<\/p>\n\n\n\n<p><\/p>\n","protected":false},"excerpt":{"rendered":"<p>La messe est c\u00e9l\u00e9br\u00e9e en fran\u00e7ais tous les dimanches \u00e0 11h30 et 19hPas de messes en fran\u00e7ais entre le 21 juillet et le 20 ao\u00fbt Jours de f\u00eates qui ne tombent pas un dimanche Les jours de pr\u00e9cepte tels que No\u00ebl, la Toussaint, le 8 D\u00e9cembre, le 1er Janvier, l&#8217;Epiphanie (6 Janvier), Saint Joseph (19 [&hellip;]<\/p>\n","protected":false},"author":3,"featured_media":0,"parent":0,"menu_order":0,"comment_status":"closed","ping_status":"closed","template":"","meta":{"footnotes":""},"class_list":["post-307","page","type-page","status-publish","hentry"],"_links":{"self":[{"href":"http:\/\/sanluisfranceses.archimadrid.com\/index.php?rest_route=\/wp\/v2\/pages\/307","targetHints":{"allow":["GET"]}}],"collection":[{"href":"http:\/\/sanluisfranceses.archimadrid.com\/index.php?rest_route=\/wp\/v2\/pages"}],"about":[{"href":"http:\/\/sanluisfranceses.archimadrid.com\/index.php?rest_route=\/wp\/v2\/types\/page"}],"author":[{"embeddable":true,"href":"http:\/\/sanluisfranceses.archimadrid.com\/index.php?rest_route=\/wp\/v2\/users\/3"}],"replies":[{"embeddable":true,"href":"http:\/\/sanluisfranceses.archimadrid.com\/index.php?rest_route=%2Fwp%2Fv2%2Fcomments&post=307"}],"version-history":[{"count":9,"href":"http:\/\/sanluisfranceses.archimadrid.com\/index.php?rest_route=\/wp\/v2\/pages\/307\/revisions"}],"predecessor-version":[{"id":6905,"href":"http:\/\/sanluisfranceses.archimadrid.com\/index.php?rest_route=\/wp\/v2\/pages\/307\/revisions\/6905"}],"wp:attachment":[{"href":"http:\/\/sanluisfranceses.archimadrid.com\/index.php?rest_route=%2Fwp%2Fv2%2Fmedia&parent=307"}],"curies":[{"name":"wp","href":"https:\/\/api.w.org\/{rel}","templated":true}]}}