{"id":112,"date":"2014-01-27T22:28:33","date_gmt":"2014-01-27T22:28:33","guid":{"rendered":"http:\/\/saintlouis-madrid.cef.fr\/?page_id=112"},"modified":"2019-02-05T11:30:31","modified_gmt":"2019-02-05T11:30:31","slug":"bapteme-mariage","status":"publish","type":"page","link":"http:\/\/sanluisfranceses.archimadrid.com\/?page_id=112","title":{"rendered":"Bapt\u00eame \u2013 Mariage"},"content":{"rendered":"<p><strong>Vous souhaitez faire baptiser votre enfant ou vous marier.<\/strong><\/p>\n<p>Merci de prendre contact aussi t\u00f4t que possible avec la paroisse.<\/p>\n<p>La paroisse organise la pr\u00e9paration bapt\u00eame ou mariage, que vous c\u00e9l\u00e9briez \u00e0 la paroisse ou dans une autre paroisse.<\/p>\n<p><a href=\"http:\/\/sanluisfranceses.archimadrid.com\/?page_id=4125\">Contact\u00a0Bapt\u00eame<\/a><\/p>\n<p><a href=\"http:\/\/sanluisfranceses.archimadrid.com\/?page_id=4146\">Contact Mariage<\/a><\/p>\n","protected":false},"excerpt":{"rendered":"<p>Vous souhaitez faire baptiser votre enfant ou vous marier. Merci de prendre contact aussi t\u00f4t que possible avec la paroisse. La paroisse organise la pr\u00e9paration bapt\u00eame ou mariage, que vous c\u00e9l\u00e9briez \u00e0 la paroisse ou dans une autre paroisse. Contact\u00a0Bapt\u00eame Contact Mariage<\/p>\n","protected":false},"author":3,"featured_media":0,"parent":0,"menu_order":0,"comment_status":"closed","ping_status":"closed","template":"","meta":{"footnotes":""},"class_list":["post-112","page","type-page","status-publish","hentry"],"_links":{"self":[{"href":"http:\/\/sanluisfranceses.archimadrid.com\/index.php?rest_route=\/wp\/v2\/pages\/112","targetHints":{"allow":["GET"]}}],"collection":[{"href":"http:\/\/sanluisfranceses.archimadrid.com\/index.php?rest_route=\/wp\/v2\/pages"}],"about":[{"href":"http:\/\/sanluisfranceses.archimadrid.com\/index.php?rest_route=\/wp\/v2\/types\/page"}],"author":[{"embeddable":true,"href":"http:\/\/sanluisfranceses.archimadrid.com\/index.php?rest_route=\/wp\/v2\/users\/3"}],"replies":[{"embeddable":true,"href":"http:\/\/sanluisfranceses.archimadrid.com\/index.php?rest_route=%2Fwp%2Fv2%2Fcomments&post=112"}],"version-history":[{"count":22,"href":"http:\/\/sanluisfranceses.archimadrid.com\/index.php?rest_route=\/wp\/v2\/pages\/112\/revisions"}],"predecessor-version":[{"id":4150,"href":"http:\/\/sanluisfranceses.archimadrid.com\/index.php?rest_route=\/wp\/v2\/pages\/112\/revisions\/4150"}],"wp:attachment":[{"href":"http:\/\/sanluisfranceses.archimadrid.com\/index.php?rest_route=%2Fwp%2Fv2%2Fmedia&parent=112"}],"curies":[{"name":"wp","href":"https:\/\/api.w.org\/{rel}","templated":true}]}}